{"id":4758,"date":"2022-03-07T13:12:35","date_gmt":"2022-03-07T12:12:35","guid":{"rendered":"https:\/\/mmj.pl\/?page_id=4758"},"modified":"2022-03-07T13:26:29","modified_gmt":"2022-03-07T12:26:29","slug":"pomagamy-ukrainie","status":"publish","type":"page","link":"https:\/\/mmj.pl\/index.php\/pomagamy-ukrainie\/","title":{"rendered":"Pomagamy-Ukrainie"},"content":{"rendered":"\t\t<div data-elementor-type=\"wp-page\" data-elementor-id=\"4758\" class=\"elementor elementor-4758\">\n\t\t\t\t\t\t<section class=\"elementor-section elementor-top-section elementor-element elementor-element-09cbf30 elementor-section-stretched elementor-section-full_width elementor-section-height-default elementor-section-height-default\" data-id=\"09cbf30\" data-element_type=\"section\" data-e-type=\"section\" data-settings=\"{&quot;stretch_section&quot;:&quot;section-stretched&quot;,&quot;background_background&quot;:&quot;slideshow&quot;,&quot;background_slideshow_gallery&quot;:[],&quot;background_slideshow_loop&quot;:&quot;yes&quot;,&quot;background_slideshow_slide_duration&quot;:5000,&quot;background_slideshow_slide_transition&quot;:&quot;fade&quot;,&quot;background_slideshow_transition_duration&quot;:500}\">\n\t\t\t\t\t\t<div class=\"elementor-container elementor-column-gap-no\">\n\t\t\t\t\t<div class=\"elementor-column elementor-col-100 elementor-top-column elementor-element elementor-element-f1fedbb\" data-id=\"f1fedbb\" data-element_type=\"column\" data-e-type=\"column\">\n\t\t\t<div class=\"elementor-widget-wrap elementor-element-populated\">\n\t\t\t\t\t\t<div class=\"elementor-element elementor-element-46822e0 elementor-widget elementor-widget-shortcode\" data-id=\"46822e0\" data-element_type=\"widget\" data-e-type=\"widget\" data-widget_type=\"shortcode.default\">\n\t\t\t\t<div class=\"elementor-widget-container\">\n\t\t\t\t\t\t\t<div class=\"elementor-shortcode\">\n<\/div>\n\t\t\t\t\t\t<\/div>\n\t\t\t\t<\/div>\n\t\t\t\t\t<\/div>\n\t\t<\/div>\n\t\t\t\t\t<\/div>\n\t\t<\/section>\n\t\t\t\t<section class=\"elementor-section elementor-top-section elementor-element elementor-element-4dbaebd elementor-section-boxed elementor-section-height-default elementor-section-height-default\" data-id=\"4dbaebd\" data-element_type=\"section\" data-e-type=\"section\">\n\t\t\t\t\t\t<div class=\"elementor-container elementor-column-gap-default\">\n\t\t\t\t\t<div class=\"elementor-column elementor-col-100 elementor-top-column elementor-element elementor-element-22a6daf\" data-id=\"22a6daf\" data-element_type=\"column\" data-e-type=\"column\">\n\t\t\t<div class=\"elementor-widget-wrap elementor-element-populated\">\n\t\t\t\t\t\t<div class=\"elementor-element elementor-element-a302337 elementor-widget elementor-widget-spacer\" data-id=\"a302337\" data-element_type=\"widget\" data-e-type=\"widget\" data-widget_type=\"spacer.default\">\n\t\t\t\t<div class=\"elementor-widget-container\">\n\t\t\t\t\t\t\t<div class=\"elementor-spacer\">\n\t\t\t<div class=\"elementor-spacer-inner\"><\/div>\n\t\t<\/div>\n\t\t\t\t\t\t<\/div>\n\t\t\t\t<\/div>\n\t\t\t\t<div class=\"elementor-element elementor-element-20ef669 elementor-widget elementor-widget-heading\" data-id=\"20ef669\" data-element_type=\"widget\" data-e-type=\"widget\" data-widget_type=\"heading.default\">\n\t\t\t\t<div class=\"elementor-widget-container\">\n\t\t\t\t\t<h1 class=\"elementor-heading-title elementor-size-large\">Szybki Internet \u015bwiat\u0142owodowy zupe\u0142nie za darmo!<\/h1>\t\t\t\t<\/div>\n\t\t\t\t<\/div>\n\t\t\t\t<div class=\"elementor-element elementor-element-07fb7f4 elementor-widget elementor-widget-text-editor\" data-id=\"07fb7f4\" data-element_type=\"widget\" data-e-type=\"widget\" data-widget_type=\"text-editor.default\">\n\t\t\t\t<div class=\"elementor-widget-container\">\n\t\t\t\t\t\t\t\t\t<div class=\"kvgmc6g5 cxmmr5t8 oygrvhab hcukyx3x c1et5uql ii04i59q\"><div dir=\"auto\">Pragniemy okaza\u0107 solidarno\u015b\u0107 obywatelom Ukrainy, kt\u00f3rzy nadal musz\u0105 mierzy\u0107 si\u0119 z konsekwencjami konfliktu zbrojnego i obawia\u0107 si\u0119 o los sw\u00f3j i swoich bliskich. By ich wesprze\u0107 w tej trudnej sytuacji podj\u0119li\u015bmy decyzj\u0119 o <span style=\"color: #007bff;\"><strong>ca\u0142kowitym zniesieniu op\u0142at dla ka\u017cdego uchod\u017acy z Ukrainy za instalacj\u0119 i abonament za us\u0142ug\u0119 dost\u0119pu do Internetu wraz z routerem WiFi.<\/strong><\/span><\/div><div dir=\"auto\">\u00a0<\/div><div dir=\"auto\">B\u0119d\u0105c firm\u0105 telekomunikacyjn\u0105, chcemy zapewni\u0107 mo\u017cliwo\u015b\u0107 kontaktu z bliskimi oraz dost\u0119p do aktualnych informacji.<\/div><\/div><div class=\"cxmmr5t8 oygrvhab hcukyx3x c1et5uql o9v6fnle ii04i59q\"><div dir=\"auto\">\u00a0<\/div><\/div>\t\t\t\t\t\t\t\t<\/div>\n\t\t\t\t<\/div>\n\t\t\t\t<div class=\"elementor-element elementor-element-1a80d07 elementor-widget elementor-widget-heading\" data-id=\"1a80d07\" data-element_type=\"widget\" data-e-type=\"widget\" data-widget_type=\"heading.default\">\n\t\t\t\t<div class=\"elementor-widget-container\">\n\t\t\t\t\t<h2 class=\"elementor-heading-title elementor-size-default\"><a href=\"tel:+48327502000\">Zapraszamy do kontaktu z naszym BOK: tel.: 32 750 2000<\/a><\/h2>\t\t\t\t<\/div>\n\t\t\t\t<\/div>\n\t\t\t\t\t<\/div>\n\t\t<\/div>\n\t\t\t\t\t<\/div>\n\t\t<\/section>\n\t\t\t\t<section class=\"elementor-section elementor-top-section elementor-element elementor-element-bf5b717 elementor-section-boxed elementor-section-height-default elementor-section-height-default\" data-id=\"bf5b717\" data-element_type=\"section\" data-e-type=\"section\">\n\t\t\t\t\t\t<div class=\"elementor-container elementor-column-gap-default\">\n\t\t\t\t\t<div class=\"elementor-column elementor-col-100 elementor-top-column elementor-element elementor-element-8716de3\" data-id=\"8716de3\" data-element_type=\"column\" data-e-type=\"column\">\n\t\t\t<div class=\"elementor-widget-wrap elementor-element-populated\">\n\t\t\t\t\t\t<div class=\"elementor-element elementor-element-94476aa elementor-widget elementor-widget-spacer\" data-id=\"94476aa\" data-element_type=\"widget\" data-e-type=\"widget\" data-widget_type=\"spacer.default\">\n\t\t\t\t<div class=\"elementor-widget-container\">\n\t\t\t\t\t\t\t<div class=\"elementor-spacer\">\n\t\t\t<div class=\"elementor-spacer-inner\"><\/div>\n\t\t<\/div>\n\t\t\t\t\t\t<\/div>\n\t\t\t\t<\/div>\n\t\t\t\t\t<\/div>\n\t\t<\/div>\n\t\t\t\t\t<\/div>\n\t\t<\/section>\n\t\t\t\t<\/div>\n\t\t","protected":false},"excerpt":{"rendered":"<p>Szybki Internet \u015bwiat\u0142owodowy zupe\u0142nie za darmo! Pragniemy okaza\u0107 solidarno\u015b\u0107 obywatelom Ukrainy, kt\u00f3rzy nadal musz\u0105 mierzy\u0107 si\u0119 z konsekwencjami konfliktu zbrojnego i obawia\u0107 si\u0119 o los sw\u00f3j i swoich bliskich. By ich wesprze\u0107 w tej trudnej sytuacji podj\u0119li\u015bmy decyzj\u0119 o ca\u0142kowitym zniesieniu op\u0142at dla ka\u017cdego uchod\u017acy z Ukrainy za instalacj\u0119 i abonament za us\u0142ug\u0119 dost\u0119pu do [&hellip;]<\/p>\n","protected":false},"author":1,"featured_media":0,"parent":0,"menu_order":0,"comment_status":"closed","ping_status":"closed","template":"","meta":{"footnotes":""},"class_list":["post-4758","page","type-page","status-publish","hentry","entry"],"_links":{"self":[{"href":"https:\/\/mmj.pl\/index.php\/wp-json\/wp\/v2\/pages\/4758","targetHints":{"allow":["GET"]}}],"collection":[{"href":"https:\/\/mmj.pl\/index.php\/wp-json\/wp\/v2\/pages"}],"about":[{"href":"https:\/\/mmj.pl\/index.php\/wp-json\/wp\/v2\/types\/page"}],"author":[{"embeddable":true,"href":"https:\/\/mmj.pl\/index.php\/wp-json\/wp\/v2\/users\/1"}],"replies":[{"embeddable":true,"href":"https:\/\/mmj.pl\/index.php\/wp-json\/wp\/v2\/comments?post=4758"}],"version-history":[{"count":22,"href":"https:\/\/mmj.pl\/index.php\/wp-json\/wp\/v2\/pages\/4758\/revisions"}],"predecessor-version":[{"id":4780,"href":"https:\/\/mmj.pl\/index.php\/wp-json\/wp\/v2\/pages\/4758\/revisions\/4780"}],"wp:attachment":[{"href":"https:\/\/mmj.pl\/index.php\/wp-json\/wp\/v2\/media?parent=4758"}],"curies":[{"name":"wp","href":"https:\/\/api.w.org\/{rel}","templated":true}]}}