{"id":4134,"date":"2021-12-07T11:22:07","date_gmt":"2021-12-07T10:22:07","guid":{"rendered":"http:\/\/mmj.pl\/?page_id=4134"},"modified":"2024-09-12T07:37:40","modified_gmt":"2024-09-12T05:37:40","slug":"poczta-konfiguracja","status":"publish","type":"page","link":"https:\/\/mmj.pl\/index.php\/poczta-konfiguracja\/","title":{"rendered":"Konfiguracja poczty"},"content":{"rendered":"\t\t<div data-elementor-type=\"wp-page\" data-elementor-id=\"4134\" class=\"elementor elementor-4134\">\n\t\t\t\t\t\t<section class=\"elementor-section elementor-top-section elementor-element elementor-element-38455b9 elementor-section-boxed elementor-section-height-default elementor-section-height-default\" data-id=\"38455b9\" data-element_type=\"section\" data-e-type=\"section\">\n\t\t\t\t\t\t<div class=\"elementor-container elementor-column-gap-default\">\n\t\t\t\t\t<div class=\"elementor-column elementor-col-100 elementor-top-column elementor-element elementor-element-1781b76\" data-id=\"1781b76\" data-element_type=\"column\" data-e-type=\"column\">\n\t\t\t<div class=\"elementor-widget-wrap elementor-element-populated\">\n\t\t\t\t\t\t<div class=\"elementor-element elementor-element-71b0cef elementor-widget elementor-widget-heading\" data-id=\"71b0cef\" data-element_type=\"widget\" data-e-type=\"widget\" data-widget_type=\"heading.default\">\n\t\t\t\t<div class=\"elementor-widget-container\">\n\t\t\t\t\t<h2 class=\"elementor-heading-title elementor-size-default\">Konfiguracja konta dla program\u00f3w pocztowych<\/h2>\t\t\t\t<\/div>\n\t\t\t\t<\/div>\n\t\t\t\t<div class=\"elementor-element elementor-element-3967723 elementor-widget-divider--view-line elementor-widget elementor-widget-divider\" data-id=\"3967723\" data-element_type=\"widget\" data-e-type=\"widget\" data-widget_type=\"divider.default\">\n\t\t\t\t<div class=\"elementor-widget-container\">\n\t\t\t\t\t\t\t<div class=\"elementor-divider\">\n\t\t\t<span class=\"elementor-divider-separator\">\n\t\t\t\t\t\t<\/span>\n\t\t<\/div>\n\t\t\t\t\t\t<\/div>\n\t\t\t\t<\/div>\n\t\t\t\t<section class=\"elementor-section elementor-inner-section elementor-element elementor-element-d0a4f62 elementor-section-boxed elementor-section-height-default elementor-section-height-default\" data-id=\"d0a4f62\" data-element_type=\"section\" data-e-type=\"section\">\n\t\t\t\t\t\t<div class=\"elementor-container elementor-column-gap-default\">\n\t\t\t\t\t<div class=\"elementor-column elementor-col-50 elementor-inner-column elementor-element elementor-element-77e80df\" data-id=\"77e80df\" data-element_type=\"column\" data-e-type=\"column\">\n\t\t\t<div class=\"elementor-widget-wrap elementor-element-populated\">\n\t\t\t\t\t\t<div class=\"elementor-element elementor-element-f604298 elementor-widget elementor-widget-image\" data-id=\"f604298\" data-element_type=\"widget\" data-e-type=\"widget\" data-widget_type=\"image.default\">\n\t\t\t\t<div class=\"elementor-widget-container\">\n\t\t\t\t\t\t\t\t\t\t\t\t\t\t\t<img fetchpriority=\"high\" decoding=\"async\" width=\"395\" height=\"559\" src=\"https:\/\/mmj.pl\/wp-content\/uploads\/2021\/12\/1.png\" class=\"attachment-large size-large wp-image-4142\" alt=\"Konfiguracja poczty e-mail z danymi serwera SMTP\" srcset=\"https:\/\/mmj.pl\/wp-content\/uploads\/2021\/12\/1.png 395w, https:\/\/mmj.pl\/wp-content\/uploads\/2021\/12\/1-212x300.png 212w\" sizes=\"(max-width: 395px) 100vw, 395px\" \/>\t\t\t\t\t\t\t\t\t\t\t\t\t\t\t<\/div>\n\t\t\t\t<\/div>\n\t\t\t\t\t<\/div>\n\t\t<\/div>\n\t\t\t\t<div class=\"elementor-column elementor-col-50 elementor-inner-column elementor-element elementor-element-d18ecee\" data-id=\"d18ecee\" data-element_type=\"column\" data-e-type=\"column\">\n\t\t\t<div class=\"elementor-widget-wrap elementor-element-populated\">\n\t\t\t\t\t\t<div class=\"elementor-element elementor-element-d8e6f66 elementor-widget elementor-widget-heading\" data-id=\"d8e6f66\" data-element_type=\"widget\" data-e-type=\"widget\" data-widget_type=\"heading.default\">\n\t\t\t\t<div class=\"elementor-widget-container\">\n\t\t\t\t\t<h2 class=\"elementor-heading-title elementor-size-default\">Podstawowe parametry konta na serwerze mmj.pl:<\/h2>\t\t\t\t<\/div>\n\t\t\t\t<\/div>\n\t\t\t\t<div class=\"elementor-element elementor-element-f9d11a7 elementor-widget elementor-widget-text-editor\" data-id=\"f9d11a7\" data-element_type=\"widget\" data-e-type=\"widget\" data-widget_type=\"text-editor.default\">\n\t\t\t\t<div class=\"elementor-widget-container\">\n\t\t\t\t\t\t\t\t\t<table class=\"text\" style=\"\" >\n<tbody>\n<tr>\n<td ><b>Serwer poczty przychodz\u0105cej:<\/b><\/td>\n<td><b>imap.mmj.pl<\/b><\/td>\n<\/tr>\n<tr>\n<td>Numer portu serwera poczty przychodz\u0105cej:<\/td>\n<td>993<\/td>\n<\/tr>\n<tr>\n<td>Zabezpieczenie:<\/td>\n<td>SSL<\/td>\n<\/tr>\n<tr>\n<td>Typ konta:<\/td>\n<td>IMAP<\/td>\n<\/tr>\n<tr>\n<td><b>Serwer poczty wychodz\u0105cej<\/b><\/td>\n<td><b>smtp.mmj.pl<\/b><\/td>\n<\/tr>\n<tr>\n<td>Port serwera poczty wychodz\u0105cej<\/td>\n<td>465<\/td>\n<\/tr>\n<tr>\n<td>Zabezpieczenie:<\/td>\n<td>SSL<\/td>\n<\/tr>\n<tr>\n<td>Pojemno\u015b\u0107 konta pocztowego wsp\u00f3\u0142dzielona z kontem www:<\/td>\n<td>od 100MB<\/td>\n<\/tr>\n<tr>\n<td>&#8211; maksymalny rozmiar pojedynczej wiadomo\u015bci:<\/td>\n<td>20MB<\/td>\n<\/tr>\n<tr>\n<td colspan=\"2\">&#8211; aktywna ochrona antywirusowa poczty<\/td>\n<\/tr>\n<tr>\n<td colspan=\"2\">&#8211; aktywna ochrona antyspamowa<\/td>\n<\/tr>\n<\/tbody>\n<\/table>\t\t\t\t\t\t\t\t<\/div>\n\t\t\t\t<\/div>\n\t\t\t\t\t<\/div>\n\t\t<\/div>\n\t\t\t\t\t<\/div>\n\t\t<\/section>\n\t\t\t\t<div class=\"elementor-element elementor-element-cb3939c elementor-widget elementor-widget-spacer\" data-id=\"cb3939c\" data-element_type=\"widget\" data-e-type=\"widget\" data-widget_type=\"spacer.default\">\n\t\t\t\t<div class=\"elementor-widget-container\">\n\t\t\t\t\t\t\t<div class=\"elementor-spacer\">\n\t\t\t<div class=\"elementor-spacer-inner\"><\/div>\n\t\t<\/div>\n\t\t\t\t\t\t<\/div>\n\t\t\t\t<\/div>\n\t\t\t\t\t<\/div>\n\t\t<\/div>\n\t\t\t\t\t<\/div>\n\t\t<\/section>\n\t\t\t\t<\/div>\n\t\t","protected":false},"excerpt":{"rendered":"<p>Konfiguracja konta dla program\u00f3w pocztowych Podstawowe parametry konta na serwerze mmj.pl: Serwer poczty przychodz\u0105cej: imap.mmj.pl Numer portu serwera poczty przychodz\u0105cej: 993 Zabezpieczenie: SSL Typ konta: IMAP Serwer poczty wychodz\u0105cej smtp.mmj.pl Port serwera poczty wychodz\u0105cej 465 Zabezpieczenie: SSL Pojemno\u015b\u0107 konta pocztowego wsp\u00f3\u0142dzielona z kontem www: od 100MB &#8211; maksymalny rozmiar pojedynczej wiadomo\u015bci: 20MB &#8211; aktywna ochrona [&hellip;]<\/p>\n","protected":false},"author":1,"featured_media":0,"parent":0,"menu_order":0,"comment_status":"closed","ping_status":"closed","template":"","meta":{"footnotes":""},"class_list":["post-4134","page","type-page","status-publish","hentry","entry"],"_links":{"self":[{"href":"https:\/\/mmj.pl\/index.php\/wp-json\/wp\/v2\/pages\/4134","targetHints":{"allow":["GET"]}}],"collection":[{"href":"https:\/\/mmj.pl\/index.php\/wp-json\/wp\/v2\/pages"}],"about":[{"href":"https:\/\/mmj.pl\/index.php\/wp-json\/wp\/v2\/types\/page"}],"author":[{"embeddable":true,"href":"https:\/\/mmj.pl\/index.php\/wp-json\/wp\/v2\/users\/1"}],"replies":[{"embeddable":true,"href":"https:\/\/mmj.pl\/index.php\/wp-json\/wp\/v2\/comments?post=4134"}],"version-history":[{"count":18,"href":"https:\/\/mmj.pl\/index.php\/wp-json\/wp\/v2\/pages\/4134\/revisions"}],"predecessor-version":[{"id":6085,"href":"https:\/\/mmj.pl\/index.php\/wp-json\/wp\/v2\/pages\/4134\/revisions\/6085"}],"wp:attachment":[{"href":"https:\/\/mmj.pl\/index.php\/wp-json\/wp\/v2\/media?parent=4134"}],"curies":[{"name":"wp","href":"https:\/\/api.w.org\/{rel}","templated":true}]}}