{"id":3945,"date":"2021-12-06T12:25:29","date_gmt":"2021-12-06T11:25:29","guid":{"rendered":"http:\/\/mmj.pl\/?page_id=3945"},"modified":"2025-01-03T14:00:34","modified_gmt":"2025-01-03T13:00:34","slug":"pomiar-predkosci","status":"publish","type":"page","link":"https:\/\/mmj.pl\/index.php\/pomiar-predkosci\/","title":{"rendered":"Pomiar przepustowo\u015bci \u0142\u0105cza"},"content":{"rendered":"\t\t<div data-elementor-type=\"wp-page\" data-elementor-id=\"3945\" class=\"elementor elementor-3945\">\n\t\t\t\t\t\t<section class=\"elementor-section elementor-top-section elementor-element elementor-element-5202697 elementor-section-stretched elementor-section-full_width elementor-section-height-default elementor-section-height-default\" data-id=\"5202697\" data-element_type=\"section\" data-e-type=\"section\" data-settings=\"{&quot;stretch_section&quot;:&quot;section-stretched&quot;}\">\n\t\t\t\t\t\t<div class=\"elementor-container elementor-column-gap-default\">\n\t\t\t\t\t<div class=\"elementor-column elementor-col-100 elementor-top-column elementor-element elementor-element-10efa9a\" data-id=\"10efa9a\" data-element_type=\"column\" data-e-type=\"column\">\n\t\t\t<div class=\"elementor-widget-wrap\">\n\t\t\t\t\t\t\t<\/div>\n\t\t<\/div>\n\t\t\t\t\t<\/div>\n\t\t<\/section>\n\t\t\t\t<section class=\"elementor-section elementor-top-section elementor-element elementor-element-a0a5c25 elementor-section-boxed elementor-section-height-default elementor-section-height-default\" data-id=\"a0a5c25\" data-element_type=\"section\" data-e-type=\"section\">\n\t\t\t\t\t\t<div class=\"elementor-container elementor-column-gap-default\">\n\t\t\t\t\t<div class=\"elementor-column elementor-col-100 elementor-top-column elementor-element elementor-element-7621dbe\" data-id=\"7621dbe\" data-element_type=\"column\" data-e-type=\"column\">\n\t\t\t<div class=\"elementor-widget-wrap\">\n\t\t\t\t\t\t\t<\/div>\n\t\t<\/div>\n\t\t\t\t\t<\/div>\n\t\t<\/section>\n\t\t\t\t<section class=\"elementor-section elementor-top-section elementor-element elementor-element-bc797e9 elementor-section-boxed elementor-section-height-default elementor-section-height-default\" data-id=\"bc797e9\" data-element_type=\"section\" data-e-type=\"section\">\n\t\t\t\t\t\t<div class=\"elementor-container elementor-column-gap-default\">\n\t\t\t\t\t<div class=\"elementor-column elementor-col-100 elementor-top-column elementor-element elementor-element-b434727\" data-id=\"b434727\" data-element_type=\"column\" data-e-type=\"column\">\n\t\t\t<div class=\"elementor-widget-wrap elementor-element-populated\">\n\t\t\t\t\t\t<div class=\"elementor-element elementor-element-cb3939c elementor-widget elementor-widget-spacer\" data-id=\"cb3939c\" data-element_type=\"widget\" data-e-type=\"widget\" data-widget_type=\"spacer.default\">\n\t\t\t\t<div class=\"elementor-widget-container\">\n\t\t\t\t\t\t\t<div class=\"elementor-spacer\">\n\t\t\t<div class=\"elementor-spacer-inner\"><\/div>\n\t\t<\/div>\n\t\t\t\t\t\t<\/div>\n\t\t\t\t<\/div>\n\t\t\t\t<div class=\"elementor-element elementor-element-71b0cef elementor-widget elementor-widget-heading\" data-id=\"71b0cef\" data-element_type=\"widget\" data-e-type=\"widget\" data-widget_type=\"heading.default\">\n\t\t\t\t<div class=\"elementor-widget-container\">\n\t\t\t\t\t<h2 class=\"elementor-heading-title elementor-size-default\">Pomiar przepustowo\u015bci \u0142\u0105cza<\/h2>\t\t\t\t<\/div>\n\t\t\t\t<\/div>\n\t\t\t\t<div class=\"elementor-element elementor-element-cca7739 elementor-widget-divider--view-line elementor-widget elementor-widget-divider\" data-id=\"cca7739\" data-element_type=\"widget\" data-e-type=\"widget\" data-widget_type=\"divider.default\">\n\t\t\t\t<div class=\"elementor-widget-container\">\n\t\t\t\t\t\t\t<div class=\"elementor-divider\">\n\t\t\t<span class=\"elementor-divider-separator\">\n\t\t\t\t\t\t<\/span>\n\t\t<\/div>\n\t\t\t\t\t\t<\/div>\n\t\t\t\t<\/div>\n\t\t\t\t<section class=\"elementor-section elementor-inner-section elementor-element elementor-element-98c38f0 elementor-section-full_width elementor-section-height-default elementor-section-height-default\" data-id=\"98c38f0\" data-element_type=\"section\" data-e-type=\"section\">\n\t\t\t\t\t\t<div class=\"elementor-container elementor-column-gap-default\">\n\t\t\t\t\t<div class=\"elementor-column elementor-col-33 elementor-inner-column elementor-element elementor-element-6c2b68a\" data-id=\"6c2b68a\" data-element_type=\"column\" data-e-type=\"column\">\n\t\t\t<div class=\"elementor-widget-wrap elementor-element-populated\">\n\t\t\t\t\t\t<div class=\"elementor-element elementor-element-717bb5c elementor-widget elementor-widget-html\" data-id=\"717bb5c\" data-element_type=\"widget\" data-e-type=\"widget\" data-widget_type=\"html.default\">\n\t\t\t\t<div class=\"elementor-widget-container\">\n\t\t\t\t\t\r\n\t<center><iframe src=\"https:\/\/demo.fireprobe.net\/\" style=\"width: 450px; height: 600px; border: none; overflow: hidden;\"><\/iframe><\/center>\t\t\t\t<\/div>\n\t\t\t\t<\/div>\n\t\t\t\t\t<\/div>\n\t\t<\/div>\n\t\t\t\t<div class=\"elementor-column elementor-col-66 elementor-inner-column elementor-element elementor-element-5f34071\" data-id=\"5f34071\" data-element_type=\"column\" data-e-type=\"column\">\n\t\t\t<div class=\"elementor-widget-wrap elementor-element-populated\">\n\t\t\t\t\t\t<div class=\"elementor-element elementor-element-a2d6a4c elementor-widget elementor-widget-text-editor\" data-id=\"a2d6a4c\" data-element_type=\"widget\" data-e-type=\"widget\" data-widget_type=\"text-editor.default\">\n\t\t\t\t<div class=\"elementor-widget-container\">\n\t\t\t\t\t\t\t\t\t<p>Zgodnie z \u00a7 5 ust. 19.1 Regulaminu \u015awiadczenia Us\u0142ug Telekomunikacyjnych przez Operatora rekomendowanym programem do badania przepustowo\u015bci \u0142\u0105cza z\/do sieci Internet jest speed test znajduj\u0105cy si\u0119 na stronie:\u00a0<a href=\"http:\/\/www.speedtest.pl\/\" target=\"_blank\" rel=\"noopener\">http:\/\/www.speedtest.pl\/<\/a><\/p><p>\u00a0<\/p><p>Dla um\u00f3w zawartych po 10.11.2024,\u00a0 pomiar nale\u017cy wykona\u0107 zgodnie z parametrami opisanymi w punkcie 3.2 Informacji Przedumownych Us\u0142ug Komunikacji Elektronicznej.\u00a0<\/p>\t\t\t\t\t\t\t\t<\/div>\n\t\t\t\t<\/div>\n\t\t\t\t<div class=\"elementor-element elementor-element-4710122 elementor-widget elementor-widget-text-editor\" data-id=\"4710122\" data-element_type=\"widget\" data-e-type=\"widget\" data-widget_type=\"text-editor.default\">\n\t\t\t\t<div class=\"elementor-widget-container\">\n\t\t\t\t\t\t\t\t\t<p>Aby pomiar przepustowo\u015bci \u0142\u0105cza z\/do sieci Internet by\u0142 maksymalnie miarodajny nale\u017cy zachowa\u0107 poni\u017cej zalecane warunki i uwagi:<\/p><p>1.\u00a0<strong>Pomiar \u0142\u0105cza nie nale\u017cy dokonywa\u0107 za po\u015brednictwem bezprzewodowej sieci WiFi.\u00a0<\/strong>Popularne sieci WiFi pracuj\u0105 w wolnym (nielicencjonowanym) pa\u015bmie 2,4GHz i 5GHz. W zwi\u0105zku z tym mog\u0105 one, by\u0107 zak\u0142\u00f3cane przez inne dzia\u0142aj\u0105ce sieci WiFi, w szczeg\u00f3lno\u015bci w budynkach wielorodzinnych. Ponadto sygna\u0142 sieci WiFi podlega ograniczeniom ze wzgl\u0119du: na odleg\u0142o\u015b\u0107 pomi\u0119dzy \u0142\u0105cz\u0105cymi si\u0119 urz\u0105dzeniami, moc i jako\u015b\u0107 sygna\u0142u WiFi, ilo\u015b\u0107 i rodzaj pokonywanych przeszk\u00f3d (najcz\u0119\u015bciej \u015bcian), zak\u0142\u00f3cenia elektromagnetyczne, itp.<\/p><p>2.\u00a0<strong>Pomiar \u0142\u0105cza nale\u017cy wykonywa\u0107 przy u\u017cyciu sieci przewodowej,<\/strong> \u0142\u0105cz\u0105c urz\u0105dzenie na kt\u00f3rym dokonujemy pomiaru \u0142\u0105cza (najcz\u0119\u015bciej komputer lub laptop) bezpo\u015brednio z Zako\u0144czeniem Sieci. Cz\u0119sto w wewn\u0119trznej sieci naszych Abonent\u00f3w wykorzystywane s\u0105 routery. W\u00f3wczas mo\u017cna dokona\u0107 pomiaru \u0142\u0105cza za po\u015brednictwem tego router&#8217;a, przestrzegaj\u0105c jednak, aby sam router by\u0142 pod\u0142\u0105czony przewodowo do sieci Operatora, a urz\u0105dzenie na kt\u00f3rym dokonujemy pomiaru \u0142\u0105cza r\u00f3wnie\u017c by\u0142 pod\u0142\u0105czone do router&#8217;a przewodowo. W przypadku korzystania z router&#8217;a, nale\u017cy zwr\u00f3ci\u0107 uwag\u0119 na jako\u015b\u0107 router&#8217;a, a w szczeg\u00f3lno\u015bci mo\u017cliwo\u015bci obs\u0142u\u017cenia przez niego zakupionego \u0142\u0105cza, a tak\u017ce jako\u015bci kabli \u0142\u0105cz\u0105cych urz\u0105dzenia. W czasie testu inne urz\u0105dzenia pod\u0142\u0105czone do routera nie powinny korzysta\u0107 z sieci Internet, a na samym urz\u0105dzeniu, na kt\u00f3rym dokonujemy pomiaru \u0142\u0105cza nie powinny dzia\u0142a\u0107 programy obci\u0105\u017caj\u0105cy \u0142\u0105cze, a w szczeg\u00f3lno\u015bci programy P2P. W przypadku taryf powy\u017cej 50Mb zalecamy korzystanie z rutera gigabitowego (np. us\u0142ugi Multiroom Giga); jednak ostateczna decyzja w tym zakresie nale\u017cy do Abonenta. W przypadku nie zastosowania si\u0119 do tego zalecenia Operator nie ponosi odpowiedzialno\u015bci za wynik\u0142e z tego tytu\u0142u nieprawid\u0142owo\u015bci w dzia\u0142aniu \u0142\u0105cza. Maj\u0105c na uwadze powy\u017csze, zalecamy wi\u0119c dokonywanie testu z pomini\u0119ciem routera, czyli poprzez bezpo\u015brednie pod\u0142\u0105czenie komputera z sieci\u0105 MMJ z pomini\u0119ciem routera, konieczne jest w\u00f3wczas jednak wymuszenie na karcie sieciowej komputera MAC adresu zgodnym z MAC adresem routera.<\/p><p>3.\u00a0<strong>Jako\u015b\u0107 urz\u0105dzenia<\/strong>, na kt\u00f3rym dokonujemy pomiaru \u0142\u0105cza (komputer, laptop) <strong>oraz\u00a0\u201ekondycja\u201d systemu operacyjnego\u00a0wp\u0142ywa znacznie na wynik testu.<\/strong> W szczeg\u00f3lno\u015bci przy zakupionym \u0142\u0105czu o wi\u0119kszej przepustowo\u015bci z\/do Internetu i dokonywaniu jego pomiaru, du\u017ce znaczenie maj\u0105 mo\u017cliwo\u015bci techniczne oraz jako\u015b\u0107 urz\u0105dzenia, na kt\u00f3rym dokonujemy pomiaru (komputera, laptopa), a tak\u017ce sprawno\u015b\u0107 funkcjonowania systemu operacyjnego. Nale\u017cy r\u00f3wnie\u017c zwr\u00f3ci\u0107 uwag\u0119, czy zainstalowana karta sieciowa obs\u0142uguje zakupione \u0142\u0105cze u Operatora, w szczeg\u00f3lno\u015bci gdy, przepustowo\u015bci \u0142\u0105cza (z i\/lub do Internet) jest wi\u0119ksza ni\u017c 100Mbit<\/p><p>4. Aby <strong>wynik by\u0142 wiarygodny<\/strong> zleca si\u0119 wyb\u00f3r takiego serwera testowego, kt\u00f3ry nie jest przeci\u0105\u017cony.\u00a0<\/p><p>Mo\u017cna to zrobi\u0107 poprzez klikni\u0119cie przed naci\u015bni\u0119ciem &#8222;START&#8221; nazwy wybranego automatycznie serwera znajduj\u0105c\u0105 si\u0119 na prawo od niebieskiego tr\u00f3jk\u0105cika <img decoding=\"async\" src=\"https:\/\/mmj.pl\/wp-content\/uploads\/2024\/03\/Speedtest-300x283.png\" alt=\"\" width=\"16\" height=\"15\" \/> <strong style=\"font-size: 14px; color: var( --e-global-color-text ); letter-spacing: var( --e-global-typography-text-letter-spacing );\">Nazwa Serwera<\/strong><span style=\"font-size: 14px; color: var( --e-global-color-text ); letter-spacing: var( --e-global-typography-text-letter-spacing );\">,\u00a0a nast\u0119pnie wybieraj\u0105c r\u0119cznie jeden z poni\u017cej proponowanych serwer\u00f3w:<\/span><\/p><ul><li>Beskid Media K\u0119ty<\/li><li>Orion Czechowice-Dziedzice<\/li><li>Intertell.pl Chybie<\/li><li>Gemini Internet Krak\u00f3w<\/li><\/ul><p>Test wykonany do jednego z wy\u017cej wymienionych serwer\u00f3w nie b\u0119dzie obarczony b\u0142\u0119dami, czy to ograniczeniem serwera testowego, czy te\u017c innymi wyst\u0119puj\u0105cymi gdzie\u015b poza nasz\u0105 sieci\u0105.<\/p>\t\t\t\t\t\t\t\t<\/div>\n\t\t\t\t<\/div>\n\t\t\t\t<div class=\"elementor-element elementor-element-5ef8e40 elementor-widget elementor-widget-spacer\" data-id=\"5ef8e40\" data-element_type=\"widget\" data-e-type=\"widget\" data-widget_type=\"spacer.default\">\n\t\t\t\t<div class=\"elementor-widget-container\">\n\t\t\t\t\t\t\t<div class=\"elementor-spacer\">\n\t\t\t<div class=\"elementor-spacer-inner\"><\/div>\n\t\t<\/div>\n\t\t\t\t\t\t<\/div>\n\t\t\t\t<\/div>\n\t\t\t\t\t<\/div>\n\t\t<\/div>\n\t\t\t\t\t<\/div>\n\t\t<\/section>\n\t\t\t\t<div class=\"elementor-element elementor-element-be0a22d elementor-widget-divider--view-line elementor-widget elementor-widget-divider\" data-id=\"be0a22d\" data-element_type=\"widget\" data-e-type=\"widget\" data-widget_type=\"divider.default\">\n\t\t\t\t<div class=\"elementor-widget-container\">\n\t\t\t\t\t\t\t<div class=\"elementor-divider\">\n\t\t\t<span class=\"elementor-divider-separator\">\n\t\t\t\t\t\t<\/span>\n\t\t<\/div>\n\t\t\t\t\t\t<\/div>\n\t\t\t\t<\/div>\n\t\t\t\t\t<\/div>\n\t\t<\/div>\n\t\t\t\t\t<\/div>\n\t\t<\/section>\n\t\t\t\t<\/div>\n\t\t","protected":false},"excerpt":{"rendered":"<p>Pomiar przepustowo\u015bci \u0142\u0105cza Zgodnie z \u00a7 5 ust. 19.1 Regulaminu \u015awiadczenia Us\u0142ug Telekomunikacyjnych przez Operatora rekomendowanym programem do badania przepustowo\u015bci \u0142\u0105cza z\/do sieci Internet jest speed test znajduj\u0105cy si\u0119 na stronie:\u00a0http:\/\/www.speedtest.pl\/ \u00a0 Dla um\u00f3w zawartych po 10.11.2024,\u00a0 pomiar nale\u017cy wykona\u0107 zgodnie z parametrami opisanymi w punkcie 3.2 Informacji Przedumownych Us\u0142ug Komunikacji Elektronicznej.\u00a0 Aby pomiar przepustowo\u015bci [&hellip;]<\/p>\n","protected":false},"author":1,"featured_media":0,"parent":0,"menu_order":0,"comment_status":"closed","ping_status":"closed","template":"","meta":{"footnotes":""},"class_list":["post-3945","page","type-page","status-publish","hentry","entry"],"_links":{"self":[{"href":"https:\/\/mmj.pl\/index.php\/wp-json\/wp\/v2\/pages\/3945","targetHints":{"allow":["GET"]}}],"collection":[{"href":"https:\/\/mmj.pl\/index.php\/wp-json\/wp\/v2\/pages"}],"about":[{"href":"https:\/\/mmj.pl\/index.php\/wp-json\/wp\/v2\/types\/page"}],"author":[{"embeddable":true,"href":"https:\/\/mmj.pl\/index.php\/wp-json\/wp\/v2\/users\/1"}],"replies":[{"embeddable":true,"href":"https:\/\/mmj.pl\/index.php\/wp-json\/wp\/v2\/comments?post=3945"}],"version-history":[{"count":55,"href":"https:\/\/mmj.pl\/index.php\/wp-json\/wp\/v2\/pages\/3945\/revisions"}],"predecessor-version":[{"id":6668,"href":"https:\/\/mmj.pl\/index.php\/wp-json\/wp\/v2\/pages\/3945\/revisions\/6668"}],"wp:attachment":[{"href":"https:\/\/mmj.pl\/index.php\/wp-json\/wp\/v2\/media?parent=3945"}],"curies":[{"name":"wp","href":"https:\/\/api.w.org\/{rel}","templated":true}]}}