{"id":3712,"date":"2021-12-03T15:13:38","date_gmt":"2021-12-03T14:13:38","guid":{"rendered":"http:\/\/mmj.pl\/?page_id=3712"},"modified":"2025-03-06T07:48:28","modified_gmt":"2025-03-06T06:48:28","slug":"wskazniki-jakosci-uslug","status":"publish","type":"page","link":"https:\/\/mmj.pl\/index.php\/wskazniki-jakosci-uslug\/","title":{"rendered":"Wska\u017aniki jako\u015bci us\u0142ug"},"content":{"rendered":"\t\t<div data-elementor-type=\"wp-page\" data-elementor-id=\"3712\" class=\"elementor elementor-3712\">\n\t\t\t\t\t\t<section class=\"elementor-section elementor-top-section elementor-element elementor-element-5202697 elementor-section-stretched elementor-section-full_width elementor-section-height-default elementor-section-height-default\" data-id=\"5202697\" data-element_type=\"section\" data-e-type=\"section\" data-settings=\"{&quot;stretch_section&quot;:&quot;section-stretched&quot;}\">\n\t\t\t\t\t\t<div class=\"elementor-container elementor-column-gap-default\">\n\t\t\t\t\t<div class=\"elementor-column elementor-col-100 elementor-top-column elementor-element elementor-element-10efa9a\" data-id=\"10efa9a\" data-element_type=\"column\" data-e-type=\"column\">\n\t\t\t<div class=\"elementor-widget-wrap\">\n\t\t\t\t\t\t\t<\/div>\n\t\t<\/div>\n\t\t\t\t\t<\/div>\n\t\t<\/section>\n\t\t\t\t<section class=\"elementor-section elementor-top-section elementor-element elementor-element-bc797e9 elementor-section-boxed elementor-section-height-default elementor-section-height-default\" data-id=\"bc797e9\" data-element_type=\"section\" data-e-type=\"section\">\n\t\t\t\t\t\t<div class=\"elementor-container elementor-column-gap-default\">\n\t\t\t\t\t<div class=\"elementor-column elementor-col-100 elementor-top-column elementor-element elementor-element-b434727\" data-id=\"b434727\" data-element_type=\"column\" data-e-type=\"column\">\n\t\t\t<div class=\"elementor-widget-wrap elementor-element-populated\">\n\t\t\t\t\t\t<div class=\"elementor-element elementor-element-cb3939c elementor-widget elementor-widget-spacer\" data-id=\"cb3939c\" data-element_type=\"widget\" data-e-type=\"widget\" data-widget_type=\"spacer.default\">\n\t\t\t\t<div class=\"elementor-widget-container\">\n\t\t\t\t\t\t\t<div class=\"elementor-spacer\">\n\t\t\t<div class=\"elementor-spacer-inner\"><\/div>\n\t\t<\/div>\n\t\t\t\t\t\t<\/div>\n\t\t\t\t<\/div>\n\t\t\t\t<div class=\"elementor-element elementor-element-71b0cef elementor-widget elementor-widget-heading\" data-id=\"71b0cef\" data-element_type=\"widget\" data-e-type=\"widget\" data-widget_type=\"heading.default\">\n\t\t\t\t<div class=\"elementor-widget-container\">\n\t\t\t\t\t<h2 class=\"elementor-heading-title elementor-size-default\">Wska\u017aniki jako\u015bci us\u0142ug<\/h2>\t\t\t\t<\/div>\n\t\t\t\t<\/div>\n\t\t\t\t<div class=\"elementor-element elementor-element-a2d6a4c elementor-widget elementor-widget-text-editor\" data-id=\"a2d6a4c\" data-element_type=\"widget\" data-e-type=\"widget\" data-widget_type=\"text-editor.default\">\n\t\t\t\t<div class=\"elementor-widget-container\">\n\t\t\t\t\t\t\t\t\t<p>Aby mieli Pa\u0144stwo pewno\u015b\u0107, \u017ce nasza firma dba o jako\u015b\u0107 \u015bwiadczonych us\u0142ug, a tak\u017ce spe\u0142nia zapewnienia w regulaminie i umowach, publikujemy aktualne Wska\u017aniki Jako\u015bci Us\u0142ug. Dzi\u0119ki nim zar\u00f3wno Pa\u0144stwo, jak i my sami widzimy, kt\u00f3re elementy nale\u017cy poprawi\u0107, a co funkcjonuje bez zarzut\u00f3w.<\/p>\t\t\t\t\t\t\t\t<\/div>\n\t\t\t\t<\/div>\n\t\t\t\t<div class=\"elementor-element elementor-element-d06f420 elementor-widget elementor-widget-heading\" data-id=\"d06f420\" data-element_type=\"widget\" data-e-type=\"widget\" data-widget_type=\"heading.default\">\n\t\t\t\t<div class=\"elementor-widget-container\">\n\t\t\t\t\t<h2 class=\"elementor-heading-title elementor-size-default\">Wska\u017aniki jako\u015bci publicznie dost\u0119pnych us\u0142ug telekomunikacyjnych za II p\u00f3\u0142rocze 2024 r.:<\/h2>\t\t\t\t<\/div>\n\t\t\t\t<\/div>\n\t\t\t\t<div class=\"elementor-element elementor-element-9de304c elementor-widget elementor-widget-shortcode\" data-id=\"9de304c\" data-element_type=\"widget\" data-e-type=\"widget\" data-widget_type=\"shortcode.default\">\n\t\t\t\t<div class=\"elementor-widget-container\">\n\t\t\t\t\t\t\t<div class=\"elementor-shortcode\">\n<table id=\"tablepress-16\" class=\"tablepress tablepress-id-16\">\n<tbody class=\"row-hover\">\n<tr class=\"row-1\">\n\t<td class=\"column-1\">1.<\/td><td class=\"column-2\">\u015aredni czas oczekiwania na przy\u0142\u0105czenie do sieci:<\/td><td class=\"column-3\">0,10<\/td><td class=\"column-4\">m-c;<\/td>\n<\/tr>\n<tr class=\"row-2\">\n\t<td class=\"column-1\">2.<\/td><td class=\"column-2\">\u015aredni czas usuni\u0119cia uszkodzenia:<\/td><td class=\"column-3\">3,0<\/td><td class=\"column-4\">godzin;<\/td>\n<\/tr>\n<tr class=\"row-3\">\n\t<td class=\"column-1\">3.<\/td><td class=\"column-2\">\u015aredni czas rozpatrzenia reklamacji:<\/td><td class=\"column-3\">0,28<\/td><td class=\"column-4\">m-c;<\/td>\n<\/tr>\n<tr class=\"row-4\">\n\t<td class=\"column-1\">4.<\/td><td class=\"column-2\">Wska\u017anik reklamacji faktur:<\/td><td class=\"column-3\">0,09<\/td><td class=\"column-4\">&amp;;<\/td>\n<\/tr>\n<\/tbody>\n<\/table>\n<!-- #tablepress-16 from cache --><\/div>\n\t\t\t\t\t\t<\/div>\n\t\t\t\t<\/div>\n\t\t\t\t<section class=\"elementor-section elementor-inner-section elementor-element elementor-element-124724c elementor-section-boxed elementor-section-height-default elementor-section-height-default\" data-id=\"124724c\" data-element_type=\"section\" data-e-type=\"section\">\n\t\t\t\t\t\t<div class=\"elementor-container elementor-column-gap-default\">\n\t\t\t\t\t<div class=\"elementor-column elementor-col-100 elementor-inner-column elementor-element elementor-element-5f34071\" data-id=\"5f34071\" data-element_type=\"column\" data-e-type=\"column\">\n\t\t\t<div class=\"elementor-widget-wrap elementor-element-populated\">\n\t\t\t\t\t\t<div class=\"elementor-element elementor-element-bb1f664 elementor-icon-list--layout-traditional elementor-list-item-link-full_width elementor-widget elementor-widget-icon-list\" data-id=\"bb1f664\" data-element_type=\"widget\" data-e-type=\"widget\" data-widget_type=\"icon-list.default\">\n\t\t\t\t<div class=\"elementor-widget-container\">\n\t\t\t\t\t\t\t<ul class=\"elementor-icon-list-items\">\n\t\t\t\t\t\t\t<li class=\"elementor-icon-list-item\">\n\t\t\t\t\t\t\t\t\t\t\t<a href=\"https:\/\/mmj.pl\/index.php\/archiwum-wskaznikow\/\">\n\n\t\t\t\t\t\t\t\t\t\t\t\t<span class=\"elementor-icon-list-icon\">\n\t\t\t\t\t\t\t<i aria-hidden=\"true\" class=\"fas fa-archive\"><\/i>\t\t\t\t\t\t<\/span>\n\t\t\t\t\t\t\t\t\t\t<span class=\"elementor-icon-list-text\">Archiwum wska\u017anik\u00f3w<\/span>\n\t\t\t\t\t\t\t\t\t\t\t<\/a>\n\t\t\t\t\t\t\t\t\t<\/li>\n\t\t\t\t\t\t<\/ul>\n\t\t\t\t\t\t<\/div>\n\t\t\t\t<\/div>\n\t\t\t\t<div class=\"elementor-element elementor-element-c2ba45d elementor-widget elementor-widget-spacer\" data-id=\"c2ba45d\" data-element_type=\"widget\" data-e-type=\"widget\" data-widget_type=\"spacer.default\">\n\t\t\t\t<div class=\"elementor-widget-container\">\n\t\t\t\t\t\t\t<div class=\"elementor-spacer\">\n\t\t\t<div class=\"elementor-spacer-inner\"><\/div>\n\t\t<\/div>\n\t\t\t\t\t\t<\/div>\n\t\t\t\t<\/div>\n\t\t\t\t\t<\/div>\n\t\t<\/div>\n\t\t\t\t\t<\/div>\n\t\t<\/section>\n\t\t\t\t\t<\/div>\n\t\t<\/div>\n\t\t\t\t\t<\/div>\n\t\t<\/section>\n\t\t\t\t<\/div>\n\t\t","protected":false},"excerpt":{"rendered":"<p>Wska\u017aniki jako\u015bci us\u0142ug Aby mieli Pa\u0144stwo pewno\u015b\u0107, \u017ce nasza firma dba o jako\u015b\u0107 \u015bwiadczonych us\u0142ug, a tak\u017ce spe\u0142nia zapewnienia w regulaminie i umowach, publikujemy aktualne Wska\u017aniki Jako\u015bci Us\u0142ug. Dzi\u0119ki nim zar\u00f3wno Pa\u0144stwo, jak i my sami widzimy, kt\u00f3re elementy nale\u017cy poprawi\u0107, a co funkcjonuje bez zarzut\u00f3w. Wska\u017aniki jako\u015bci publicznie dost\u0119pnych us\u0142ug telekomunikacyjnych za II p\u00f3\u0142rocze [&hellip;]<\/p>\n","protected":false},"author":1,"featured_media":0,"parent":0,"menu_order":0,"comment_status":"closed","ping_status":"closed","template":"","meta":{"footnotes":""},"class_list":["post-3712","page","type-page","status-publish","hentry","entry"],"_links":{"self":[{"href":"https:\/\/mmj.pl\/index.php\/wp-json\/wp\/v2\/pages\/3712","targetHints":{"allow":["GET"]}}],"collection":[{"href":"https:\/\/mmj.pl\/index.php\/wp-json\/wp\/v2\/pages"}],"about":[{"href":"https:\/\/mmj.pl\/index.php\/wp-json\/wp\/v2\/types\/page"}],"author":[{"embeddable":true,"href":"https:\/\/mmj.pl\/index.php\/wp-json\/wp\/v2\/users\/1"}],"replies":[{"embeddable":true,"href":"https:\/\/mmj.pl\/index.php\/wp-json\/wp\/v2\/comments?post=3712"}],"version-history":[{"count":88,"href":"https:\/\/mmj.pl\/index.php\/wp-json\/wp\/v2\/pages\/3712\/revisions"}],"predecessor-version":[{"id":6727,"href":"https:\/\/mmj.pl\/index.php\/wp-json\/wp\/v2\/pages\/3712\/revisions\/6727"}],"wp:attachment":[{"href":"https:\/\/mmj.pl\/index.php\/wp-json\/wp\/v2\/media?parent=3712"}],"curies":[{"name":"wp","href":"https:\/\/api.w.org\/{rel}","templated":true}]}}