{"id":2681,"date":"2021-03-29T13:14:12","date_gmt":"2021-03-29T11:14:12","guid":{"rendered":"http:\/\/mmj.pl\/?page_id=2681"},"modified":"2024-10-10T18:36:07","modified_gmt":"2024-10-10T16:36:07","slug":"cenniki-regulaminy","status":"publish","type":"page","link":"https:\/\/mmj.pl\/index.php\/cenniki-regulaminy\/","title":{"rendered":"Cenniki i regulaminy"},"content":{"rendered":"\t\t<div data-elementor-type=\"wp-page\" data-elementor-id=\"2681\" class=\"elementor elementor-2681\">\n\t\t\t\t\t\t<section class=\"elementor-section elementor-inner-section elementor-element elementor-element-958d542 elementor-section-content-middle elementor-section-boxed elementor-section-height-default elementor-section-height-default\" data-id=\"958d542\" data-element_type=\"section\" data-e-type=\"section\" data-settings=\"{&quot;background_background&quot;:&quot;classic&quot;}\">\n\t\t\t\t\t\t\t<div class=\"elementor-background-overlay\"><\/div>\n\t\t\t\t\t\t\t<div class=\"elementor-container elementor-column-gap-default\">\n\t\t\t\t\t<div class=\"elementor-column elementor-col-50 elementor-inner-column elementor-element elementor-element-12eef9c3\" data-id=\"12eef9c3\" data-element_type=\"column\" data-e-type=\"column\">\n\t\t\t<div class=\"elementor-widget-wrap elementor-element-populated\">\n\t\t\t\t\t\t<div class=\"elementor-element elementor-element-642d85b5 elementor-widget elementor-widget-heading\" data-id=\"642d85b5\" data-element_type=\"widget\" data-e-type=\"widget\" data-widget_type=\"heading.default\">\n\t\t\t\t<div class=\"elementor-widget-container\">\n\t\t\t\t\t<h1 class=\"elementor-heading-title elementor-size-default\">BIURO OBS\u0141UGI KLIENTA<\/h1>\t\t\t\t<\/div>\n\t\t\t\t<\/div>\n\t\t\t\t\t<\/div>\n\t\t<\/div>\n\t\t\t\t<div class=\"elementor-column elementor-col-50 elementor-inner-column elementor-element elementor-element-230407c5\" data-id=\"230407c5\" data-element_type=\"column\" data-e-type=\"column\">\n\t\t\t<div class=\"elementor-widget-wrap elementor-element-populated\">\n\t\t\t\t\t\t<div class=\"elementor-element elementor-element-74868ef1 elementor-position-inline-start elementor-view-default elementor-mobile-position-block-start elementor-widget elementor-widget-icon-box\" data-id=\"74868ef1\" data-element_type=\"widget\" data-e-type=\"widget\" data-widget_type=\"icon-box.default\">\n\t\t\t\t<div class=\"elementor-widget-container\">\n\t\t\t\t\t\t\t<div class=\"elementor-icon-box-wrapper\">\n\n\t\t\t\t\t\t<div class=\"elementor-icon-box-icon\">\n\t\t\t\t<a href=\"index.php\/rachunki-platnosci\" class=\"elementor-icon\" tabindex=\"-1\" aria-label=\"RACHUNKI I P\u0141ATNO\u015aCI\">\n\t\t\t\t<i aria-hidden=\"true\" class=\"fas fa-credit-card\"><\/i>\t\t\t\t<\/a>\n\t\t\t<\/div>\n\t\t\t\n\t\t\t\t\t\t<div class=\"elementor-icon-box-content\">\n\n\t\t\t\t\t\t\t\t\t<h3 class=\"elementor-icon-box-title\">\n\t\t\t\t\t\t<a href=\"index.php\/rachunki-platnosci\" >\n\t\t\t\t\t\t\tRACHUNKI I P\u0141ATNO\u015aCI\t\t\t\t\t\t<\/a>\n\t\t\t\t\t<\/h3>\n\t\t\t\t\n\t\t\t\t\n\t\t\t<\/div>\n\t\t\t\n\t\t<\/div>\n\t\t\t\t\t\t<\/div>\n\t\t\t\t<\/div>\n\t\t\t\t<div class=\"elementor-element elementor-element-4bee4e66 elementor-position-inline-start elementor-view-default elementor-mobile-position-block-start elementor-widget elementor-widget-icon-box\" data-id=\"4bee4e66\" data-element_type=\"widget\" data-e-type=\"widget\" data-widget_type=\"icon-box.default\">\n\t\t\t\t<div class=\"elementor-widget-container\">\n\t\t\t\t\t\t\t<div class=\"elementor-icon-box-wrapper\">\n\n\t\t\t\t\t\t<div class=\"elementor-icon-box-icon\">\n\t\t\t\t<span  class=\"elementor-icon\">\n\t\t\t\t<i aria-hidden=\"true\" class=\"fas fa-file-alt\"><\/i>\t\t\t\t<\/span>\n\t\t\t<\/div>\n\t\t\t\n\t\t\t\t\t\t<div class=\"elementor-icon-box-content\">\n\n\t\t\t\t\t\t\t\t\t<h3 class=\"elementor-icon-box-title\">\n\t\t\t\t\t\t<span  >\n\t\t\t\t\t\t\tCENNIKI I REGULAMINY\t\t\t\t\t\t<\/span>\n\t\t\t\t\t<\/h3>\n\t\t\t\t\n\t\t\t\t\n\t\t\t<\/div>\n\t\t\t\n\t\t<\/div>\n\t\t\t\t\t\t<\/div>\n\t\t\t\t<\/div>\n\t\t\t\t<div class=\"elementor-element elementor-element-365d1792 elementor-position-inline-start elementor-view-default elementor-mobile-position-block-start elementor-widget elementor-widget-icon-box\" data-id=\"365d1792\" data-element_type=\"widget\" data-e-type=\"widget\" data-widget_type=\"icon-box.default\">\n\t\t\t\t<div class=\"elementor-widget-container\">\n\t\t\t\t\t\t\t<div class=\"elementor-icon-box-wrapper\">\n\n\t\t\t\t\t\t<div class=\"elementor-icon-box-icon\">\n\t\t\t\t<a href=\"index.php\/instrukcje-pomoc\" class=\"elementor-icon\" tabindex=\"-1\" aria-label=\"INSTRUKCJE I POMOC\">\n\t\t\t\t<i aria-hidden=\"true\" class=\"fas fa-tools\"><\/i>\t\t\t\t<\/a>\n\t\t\t<\/div>\n\t\t\t\n\t\t\t\t\t\t<div class=\"elementor-icon-box-content\">\n\n\t\t\t\t\t\t\t\t\t<h3 class=\"elementor-icon-box-title\">\n\t\t\t\t\t\t<a href=\"index.php\/instrukcje-pomoc\" >\n\t\t\t\t\t\t\tINSTRUKCJE I POMOC\t\t\t\t\t\t<\/a>\n\t\t\t\t\t<\/h3>\n\t\t\t\t\n\t\t\t\t\n\t\t\t<\/div>\n\t\t\t\n\t\t<\/div>\n\t\t\t\t\t\t<\/div>\n\t\t\t\t<\/div>\n\t\t\t\t<div class=\"elementor-element elementor-element-7413b26b elementor-position-inline-start elementor-view-default elementor-mobile-position-block-start elementor-widget elementor-widget-icon-box\" data-id=\"7413b26b\" data-element_type=\"widget\" data-e-type=\"widget\" data-widget_type=\"icon-box.default\">\n\t\t\t\t<div class=\"elementor-widget-container\">\n\t\t\t\t\t\t\t<div class=\"elementor-icon-box-wrapper\">\n\n\t\t\t\t\t\t<div class=\"elementor-icon-box-icon\">\n\t\t\t\t<a href=\"index.php\/serwis-pc\/\" class=\"elementor-icon\" tabindex=\"-1\" aria-label=\"SERWIS PC\">\n\t\t\t\t<i aria-hidden=\"true\" class=\"fas fa-laptop-medical\"><\/i>\t\t\t\t<\/a>\n\t\t\t<\/div>\n\t\t\t\n\t\t\t\t\t\t<div class=\"elementor-icon-box-content\">\n\n\t\t\t\t\t\t\t\t\t<h3 class=\"elementor-icon-box-title\">\n\t\t\t\t\t\t<a href=\"index.php\/serwis-pc\/\" >\n\t\t\t\t\t\t\tSERWIS PC\t\t\t\t\t\t<\/a>\n\t\t\t\t\t<\/h3>\n\t\t\t\t\n\t\t\t\t\n\t\t\t<\/div>\n\t\t\t\n\t\t<\/div>\n\t\t\t\t\t\t<\/div>\n\t\t\t\t<\/div>\n\t\t\t\t\t<\/div>\n\t\t<\/div>\n\t\t\t\t\t<\/div>\n\t\t<\/section>\n\t\t\t\t<section class=\"elementor-section elementor-top-section elementor-element elementor-element-05dde5f elementor-section-boxed elementor-section-height-default elementor-section-height-default\" data-id=\"05dde5f\" data-element_type=\"section\" data-e-type=\"section\">\n\t\t\t\t\t\t<div class=\"elementor-container elementor-column-gap-default\">\n\t\t\t\t\t<div class=\"elementor-column elementor-col-100 elementor-top-column elementor-element elementor-element-b27e74d\" data-id=\"b27e74d\" data-element_type=\"column\" data-e-type=\"column\">\n\t\t\t<div class=\"elementor-widget-wrap elementor-element-populated\">\n\t\t\t\t\t\t<div class=\"elementor-element elementor-element-0e553d2 elementor-widget elementor-widget-text-editor\" data-id=\"0e553d2\" data-element_type=\"widget\" data-e-type=\"widget\" data-widget_type=\"text-editor.default\">\n\t\t\t\t<div class=\"elementor-widget-container\">\n\t\t\t\t\t\t\t\t\t<p style=\"text-align: center;\">Tutaj znajdziesz wszystkie obowi\u0105zuj\u0105ce dokumenty. Kliknij na nazw\u0119 dokumentu, a dowiesz si\u0119 wi\u0119cej na jego temat.<\/p>\t\t\t\t\t\t\t\t<\/div>\n\t\t\t\t<\/div>\n\t\t\t\t\t<\/div>\n\t\t<\/div>\n\t\t\t\t\t<\/div>\n\t\t<\/section>\n\t\t\t\t<section class=\"elementor-section elementor-top-section elementor-element elementor-element-6dc05a1 elementor-section-boxed elementor-section-height-default elementor-section-height-default\" data-id=\"6dc05a1\" data-element_type=\"section\" data-e-type=\"section\">\n\t\t\t\t\t\t<div class=\"elementor-container elementor-column-gap-default\">\n\t\t\t\t\t<div class=\"elementor-column elementor-col-100 elementor-top-column elementor-element elementor-element-694d73f\" data-id=\"694d73f\" data-element_type=\"column\" data-e-type=\"column\">\n\t\t\t<div class=\"elementor-widget-wrap elementor-element-populated\">\n\t\t\t\t\t\t<div class=\"elementor-element elementor-element-c5098a0 elementor-tabs-alignment-stretch elementor-tabs-view-horizontal elementor-widget elementor-widget-tabs\" data-id=\"c5098a0\" data-element_type=\"widget\" data-e-type=\"widget\" data-widget_type=\"tabs.default\">\n\t\t\t\t<div class=\"elementor-widget-container\">\n\t\t\t\t\t\t\t<div class=\"elementor-tabs\">\n\t\t\t<div class=\"elementor-tabs-wrapper\" role=\"tablist\" >\n\t\t\t\t\t\t\t\t\t<div id=\"elementor-tab-title-2061\" class=\"elementor-tab-title elementor-tab-desktop-title\" aria-selected=\"true\" data-tab=\"1\" role=\"tab\" tabindex=\"0\" aria-controls=\"elementor-tab-content-2061\" aria-expanded=\"false\">CENNIKI<\/div>\n\t\t\t\t\t\t\t\t\t<div id=\"elementor-tab-title-2062\" class=\"elementor-tab-title elementor-tab-desktop-title\" aria-selected=\"false\" data-tab=\"2\" role=\"tab\" tabindex=\"-1\" aria-controls=\"elementor-tab-content-2062\" aria-expanded=\"false\">REGULAMINY<\/div>\n\t\t\t\t\t\t\t\t\t<div id=\"elementor-tab-title-2063\" class=\"elementor-tab-title elementor-tab-desktop-title\" aria-selected=\"false\" data-tab=\"3\" role=\"tab\" tabindex=\"-1\" aria-controls=\"elementor-tab-content-2063\" aria-expanded=\"false\">PROMOCJE<\/div>\n\t\t\t\t\t\t\t\t\t<div id=\"elementor-tab-title-2064\" class=\"elementor-tab-title elementor-tab-desktop-title\" aria-selected=\"false\" data-tab=\"4\" role=\"tab\" tabindex=\"-1\" aria-controls=\"elementor-tab-content-2064\" aria-expanded=\"false\">FORMULARZE&nbsp;I&nbsp;WNIOSKI<\/div>\n\t\t\t\t\t\t\t<\/div>\n\t\t\t<div class=\"elementor-tabs-content-wrapper\" role=\"tablist\" aria-orientation=\"vertical\">\n\t\t\t\t\t\t\t\t\t<div class=\"elementor-tab-title elementor-tab-mobile-title\" aria-selected=\"true\" data-tab=\"1\" role=\"tab\" tabindex=\"0\" aria-controls=\"elementor-tab-content-2061\" aria-expanded=\"false\">CENNIKI<\/div>\n\t\t\t\t\t<div id=\"elementor-tab-content-2061\" class=\"elementor-tab-content elementor-clearfix\" data-tab=\"1\" role=\"tabpanel\" aria-labelledby=\"elementor-tab-title-2061\" tabindex=\"0\" hidden=\"false\"><h1 style=\"text-align: center;\"><span style=\"color: #007fe0;\">CENNIKI<\/span><\/h1><ul><li><p><a href=\"https:\/\/mmj.pl\/wp-content\/uploads\/2021\/03\/cennikogolny10032018.pdf\" target=\"_blank\" rel=\"noopener\">Cennik \u015awiadczenia Us\u0142ug Telekomunikacyjnych wa\u017cny od 10.03.2018 r.<\/a><\/p><\/li><li><p><a href=\"https:\/\/mmj.pl\/wp-content\/uploads\/2021\/03\/cennikid10032018.pdf\" target=\"_blank\" rel=\"noopener\">Cennik \u015awiadczenia Us\u0142ug Telewizyjnych przez Operatora i ID wa\u017cny od 10.03.2018 r.<\/a><\/p><\/li><li><p><a href=\"https:\/\/mmj.pl\/wp-content\/uploads\/2021\/03\/cennikid210032018.pdf\" target=\"_blank\" rel=\"noopener\">Cennik \u015awiadczenia Us\u0142ug Telewizyjnych przez Operatora i ID2 wa\u017cny od 10.03.2018 r.<\/a><\/p><\/li><li><p><a href=\"https:\/\/mmj.pl\/wp-content\/uploads\/2021\/03\/cenniksgt10032018.pdf\" target=\"_blank\" rel=\"noopener\">Cennik \u015awiadczenia Us\u0142ug Telewizyjnych przez Operatora i SGT wa\u017cny od 10.03.2018 r.<\/a><\/p><\/li><li><p><a href=\"https:\/\/mmj.pl\/wp-content\/uploads\/2021\/03\/cenniknet11112018.pdf\" target=\"_blank\" rel=\"noopener\">Cennik \u015awiadczenia Us\u0142ug Telekomunikacyjnych Internet wa\u017cny od 11.11.2018 r.<\/a><\/p><\/li><\/ul><h1>\u00a0<\/h1><h1 style=\"text-align: center;\"><span style=\"color: #007fe0;\">ARCHIWUM<\/span><\/h1><p style=\"text-align: left;\">\u00a0<\/p><\/div>\n\t\t\t\t\t\t\t\t\t<div class=\"elementor-tab-title elementor-tab-mobile-title\" aria-selected=\"false\" data-tab=\"2\" role=\"tab\" tabindex=\"-1\" aria-controls=\"elementor-tab-content-2062\" aria-expanded=\"false\">REGULAMINY<\/div>\n\t\t\t\t\t<div id=\"elementor-tab-content-2062\" class=\"elementor-tab-content elementor-clearfix\" data-tab=\"2\" role=\"tabpanel\" aria-labelledby=\"elementor-tab-title-2062\" tabindex=\"0\" hidden=\"hidden\"><h1 style=\"text-align: center;\"><span style=\"color: #007fe0;\">REGULAMINY<\/span><\/h1><ul><li><p><a href=\"https:\/\/mmj.pl\/wp-content\/uploads\/2022\/06\/regulamin3152022.pdf\" target=\"_blank\" rel=\"noopener\">Regulamin \u015awiadczenia Us\u0142ug Telekomunikacyjnych przez Operatora z dnia 31.05.2022 r.<\/a><\/p><\/li><li><a href=\"https:\/\/mmj.pl\/wp-content\/uploads\/2022\/03\/TV-Regulamin-2018.03.10.pdf\" target=\"_blank\" rel=\"noopener\">Regulamin \u015awiadczenia Us\u0142ug Telewizyjnych przez Operatora i Partnera z dnia 10.03.2018 r.<\/a><\/li><\/ul><p>\u00a0<\/p><ul><li><p><a href=\"https:\/\/mmj.pl\/wp-content\/uploads\/2024\/10\/PKE-skorygowane.pdf\">Komunikat PKE z dnia 10.10.2024 r.<\/a><\/p><\/li><\/ul><p>\u00a0<\/p><p>\u00a0<\/p><h1>\u00a0<\/h1><h1 style=\"text-align: center;\"><span style=\"color: #007fe0;\">ARCHIWUM<\/span><\/h1><ul><li><a href=\"https:\/\/mmj.pl\/wp-content\/uploads\/2021\/03\/regulamin_20201121.pdf\">Regulamin \u015awiadczenia Us\u0142ug Telekomunikacyjnych przez Operatora z dnia 21.11.2020 r.<\/a><\/li><\/ul><\/div>\n\t\t\t\t\t\t\t\t\t<div class=\"elementor-tab-title elementor-tab-mobile-title\" aria-selected=\"false\" data-tab=\"3\" role=\"tab\" tabindex=\"-1\" aria-controls=\"elementor-tab-content-2063\" aria-expanded=\"false\">PROMOCJE<\/div>\n\t\t\t\t\t<div id=\"elementor-tab-content-2063\" class=\"elementor-tab-content elementor-clearfix\" data-tab=\"3\" role=\"tabpanel\" aria-labelledby=\"elementor-tab-title-2063\" tabindex=\"0\" hidden=\"hidden\"><h1 style=\"text-align: center;\"><span style=\"color: #007fe0;\">PROMOCJE<\/span><\/h1><ul><li><p><a href=\"https:\/\/mmj.pl\/wp-content\/uploads\/2021\/04\/regulamin-promocji-fiber-max-2020.pdf\" target=\"_blank\" rel=\"noopener\">Regulamin Promocji Fiber Max 2020<\/a><\/p><\/li><li><a href=\"https:\/\/mmj.pl\/wp-content\/uploads\/2021\/04\/regulamin-promocji-tv-2021.pdf\" target=\"_blank\" rel=\"noopener\">Regulamin Promocji TV 2021<\/a><\/li><\/ul><\/div>\n\t\t\t\t\t\t\t\t\t<div class=\"elementor-tab-title elementor-tab-mobile-title\" aria-selected=\"false\" data-tab=\"4\" role=\"tab\" tabindex=\"-1\" aria-controls=\"elementor-tab-content-2064\" aria-expanded=\"false\">FORMULARZE&nbsp;I&nbsp;WNIOSKI<\/div>\n\t\t\t\t\t<div id=\"elementor-tab-content-2064\" class=\"elementor-tab-content elementor-clearfix\" data-tab=\"4\" role=\"tabpanel\" aria-labelledby=\"elementor-tab-title-2064\" tabindex=\"0\" hidden=\"hidden\"><h1 style=\"text-align: center;\"><span style=\"color: #007fe0;\">FORMULARZE I WNIOSKI<\/span><\/h1><ul><li><p><a href=\"https:\/\/mmj.pl\/wp-content\/uploads\/2021\/03\/rodo.pdf\" target=\"_blank\" rel=\"noopener\">Informacje dotycz\u0105ce danych osobowych<\/a><\/p><\/li><\/ul><\/div>\n\t\t\t\t\t\t\t<\/div>\n\t\t<\/div>\n\t\t\t\t\t\t<\/div>\n\t\t\t\t<\/div>\n\t\t\t\t\t<\/div>\n\t\t<\/div>\n\t\t\t\t\t<\/div>\n\t\t<\/section>\n\t\t\t\t<\/div>\n\t\t","protected":false},"excerpt":{"rendered":"<p>BIURO OBS\u0141UGI KLIENTA RACHUNKI I P\u0141ATNO\u015aCI CENNIKI I REGULAMINY INSTRUKCJE I POMOC SERWIS PC Tutaj znajdziesz wszystkie obowi\u0105zuj\u0105ce dokumenty. Kliknij na nazw\u0119 dokumentu, a dowiesz si\u0119 wi\u0119cej na jego temat. CENNIKI REGULAMINY PROMOCJE FORMULARZE&nbsp;I&nbsp;WNIOSKI CENNIKI CENNIKI Cennik \u015awiadczenia Us\u0142ug Telekomunikacyjnych wa\u017cny od 10.03.2018 r. Cennik \u015awiadczenia Us\u0142ug Telewizyjnych przez Operatora i ID wa\u017cny od 10.03.2018 [&hellip;]<\/p>\n","protected":false},"author":1,"featured_media":0,"parent":0,"menu_order":0,"comment_status":"closed","ping_status":"closed","template":"","meta":{"footnotes":""},"class_list":["post-2681","page","type-page","status-publish","hentry","entry"],"_links":{"self":[{"href":"https:\/\/mmj.pl\/index.php\/wp-json\/wp\/v2\/pages\/2681","targetHints":{"allow":["GET"]}}],"collection":[{"href":"https:\/\/mmj.pl\/index.php\/wp-json\/wp\/v2\/pages"}],"about":[{"href":"https:\/\/mmj.pl\/index.php\/wp-json\/wp\/v2\/types\/page"}],"author":[{"embeddable":true,"href":"https:\/\/mmj.pl\/index.php\/wp-json\/wp\/v2\/users\/1"}],"replies":[{"embeddable":true,"href":"https:\/\/mmj.pl\/index.php\/wp-json\/wp\/v2\/comments?post=2681"}],"version-history":[{"count":199,"href":"https:\/\/mmj.pl\/index.php\/wp-json\/wp\/v2\/pages\/2681\/revisions"}],"predecessor-version":[{"id":6553,"href":"https:\/\/mmj.pl\/index.php\/wp-json\/wp\/v2\/pages\/2681\/revisions\/6553"}],"wp:attachment":[{"href":"https:\/\/mmj.pl\/index.php\/wp-json\/wp\/v2\/media?parent=2681"}],"curies":[{"name":"wp","href":"https:\/\/api.w.org\/{rel}","templated":true}]}}