{"id":1835,"date":"2020-04-29T10:46:45","date_gmt":"2020-04-29T08:46:45","guid":{"rendered":"http:\/\/new.mmj.pl\/?page_id=1835"},"modified":"2020-04-29T10:48:23","modified_gmt":"2020-04-29T08:48:23","slug":"multiroom-wifi","status":"publish","type":"page","link":"https:\/\/mmj.pl\/index.php\/multiroom-wifi\/","title":{"rendered":"Multiroom WiFi"},"content":{"rendered":"\t\t<div data-elementor-type=\"wp-page\" data-elementor-id=\"1835\" class=\"elementor elementor-1835\">\n\t\t\t\t\t\t<section class=\"elementor-section elementor-top-section elementor-element elementor-element-84fd54e elementor-section-boxed elementor-section-height-default elementor-section-height-default\" data-id=\"84fd54e\" data-element_type=\"section\" data-e-type=\"section\">\n\t\t\t\t\t\t<div class=\"elementor-container elementor-column-gap-default\">\n\t\t\t\t\t<div class=\"elementor-column elementor-col-100 elementor-top-column elementor-element elementor-element-4d66421\" data-id=\"4d66421\" data-element_type=\"column\" data-e-type=\"column\">\n\t\t\t<div class=\"elementor-widget-wrap elementor-element-populated\">\n\t\t\t\t\t\t<div class=\"elementor-element elementor-element-ce71a60 elementor-widget elementor-widget-heading\" data-id=\"ce71a60\" data-element_type=\"widget\" data-e-type=\"widget\" data-widget_type=\"heading.default\">\n\t\t\t\t<div class=\"elementor-widget-container\">\n\t\t\t\t\t<h2 class=\"elementor-heading-title elementor-size-default\">Multiroom WiFi<\/h2>\t\t\t\t<\/div>\n\t\t\t\t<\/div>\n\t\t\t\t\t<\/div>\n\t\t<\/div>\n\t\t\t\t\t<\/div>\n\t\t<\/section>\n\t\t\t\t<section class=\"elementor-section elementor-top-section elementor-element elementor-element-b734c26 elementor-section-boxed elementor-section-height-default elementor-section-height-default\" data-id=\"b734c26\" data-element_type=\"section\" data-e-type=\"section\">\n\t\t\t\t\t\t<div class=\"elementor-container elementor-column-gap-default\">\n\t\t\t\t\t<div class=\"elementor-column elementor-col-100 elementor-top-column elementor-element elementor-element-c528097\" data-id=\"c528097\" data-element_type=\"column\" data-e-type=\"column\">\n\t\t\t<div class=\"elementor-widget-wrap elementor-element-populated\">\n\t\t\t\t\t\t<div class=\"elementor-element elementor-element-29e8ceb elementor-widget elementor-widget-text-editor\" data-id=\"29e8ceb\" data-element_type=\"widget\" data-e-type=\"widget\" data-widget_type=\"text-editor.default\">\n\t\t\t\t<div class=\"elementor-widget-container\">\n\t\t\t\t\t\t\t\t\t<p align=\"justify\">Dzi\u0119ki tej us\u0142udze rozdzielisz swoje \u0142\u0105cze internetowe w sieci MMJ na wi\u0119cej komputer\u00f3w stacjonarnych i laptop\u00f3w, kablowo i bezprzewodowo. Bez problemu b\u0119dziesz te\u017c m\u00f3g\u0142 pod\u0142\u0105czy\u0107 do sieci Internet r\u00f3wnie\u017c smartfon, telewizor Smart, dekoder telewizji cyfrowej, konsole gier Xbox, PlayStation, domowy monitoring, \u2026<\/p><p align=\"justify\">W ramach tej us\u0142ugi abonent otrzymuje w dzier\u017cawie router WiFi wraz z bezterminow\u0105 opiek\u0105 serwisow\u0105 i gwarancyjn\u0105.<\/p><p>Us\u0142uga Multiroom WiFi dost\u0119pna jest w dw\u00f3ch wariantach:<\/p><ul><li>Multiroom WiFi Standard<\/li><li>Multiroom WiFi Giga.<\/li><\/ul><p>\u00a0<\/p><p align=\"justify\">W ramach\u00a0<b>Multiroom WiFi Standard<\/b>\u00a0dzier\u017cawiony jest router z portami 10\/100Mb oraz WiFi w standardzie N 150Mb. W tym wariancie us\u0142uga kierowana jest dla u\u017cytkownik\u00f3w taryf internetowych o przepustowo\u015bci do 50Mb\/s.<\/p><p align=\"justify\">W ramach\u00a0<b>Multiroom WiFi Giga<\/b>\u00a0dzier\u017cawiony jest router z portami 10\/100\/1000Mb oraz WiFi w standardzie N 300Mb. W tym wariancie us\u0142uga kierowana jest dla wymagaj\u0105cych u\u017cytkownik\u00f3w, w szczeg\u00f3lno\u015bci dla korzystaj\u0105cych z taryf internetowych o przepustowo\u015bci powy\u017cej 50Mb\/s.<\/p>\t\t\t\t\t\t\t\t<\/div>\n\t\t\t\t<\/div>\n\t\t\t\t\t<\/div>\n\t\t<\/div>\n\t\t\t\t\t<\/div>\n\t\t<\/section>\n\t\t\t\t<\/div>\n\t\t","protected":false},"excerpt":{"rendered":"<p>Multiroom WiFi Dzi\u0119ki tej us\u0142udze rozdzielisz swoje \u0142\u0105cze internetowe w sieci MMJ na wi\u0119cej komputer\u00f3w stacjonarnych i laptop\u00f3w, kablowo i bezprzewodowo. Bez problemu b\u0119dziesz te\u017c m\u00f3g\u0142 pod\u0142\u0105czy\u0107 do sieci Internet r\u00f3wnie\u017c smartfon, telewizor Smart, dekoder telewizji cyfrowej, konsole gier Xbox, PlayStation, domowy monitoring, \u2026 W ramach tej us\u0142ugi abonent otrzymuje w dzier\u017cawie router WiFi wraz [&hellip;]<\/p>\n","protected":false},"author":1,"featured_media":0,"parent":0,"menu_order":0,"comment_status":"closed","ping_status":"closed","template":"","meta":{"footnotes":""},"class_list":["post-1835","page","type-page","status-publish","hentry","entry"],"_links":{"self":[{"href":"https:\/\/mmj.pl\/index.php\/wp-json\/wp\/v2\/pages\/1835","targetHints":{"allow":["GET"]}}],"collection":[{"href":"https:\/\/mmj.pl\/index.php\/wp-json\/wp\/v2\/pages"}],"about":[{"href":"https:\/\/mmj.pl\/index.php\/wp-json\/wp\/v2\/types\/page"}],"author":[{"embeddable":true,"href":"https:\/\/mmj.pl\/index.php\/wp-json\/wp\/v2\/users\/1"}],"replies":[{"embeddable":true,"href":"https:\/\/mmj.pl\/index.php\/wp-json\/wp\/v2\/comments?post=1835"}],"version-history":[{"count":2,"href":"https:\/\/mmj.pl\/index.php\/wp-json\/wp\/v2\/pages\/1835\/revisions"}],"predecessor-version":[{"id":1837,"href":"https:\/\/mmj.pl\/index.php\/wp-json\/wp\/v2\/pages\/1835\/revisions\/1837"}],"wp:attachment":[{"href":"https:\/\/mmj.pl\/index.php\/wp-json\/wp\/v2\/media?parent=1835"}],"curies":[{"name":"wp","href":"https:\/\/api.w.org\/{rel}","templated":true}]}}