{"id":1811,"date":"2020-04-29T09:45:38","date_gmt":"2020-04-29T07:45:38","guid":{"rendered":"http:\/\/new.mmj.pl\/?page_id=1811"},"modified":"2020-04-29T11:31:58","modified_gmt":"2020-04-29T09:31:58","slug":"elementor-1811","status":"publish","type":"page","link":"https:\/\/mmj.pl\/index.php\/elementor-1811\/","title":{"rendered":"IX p2p\u200b"},"content":{"rendered":"\t\t<div data-elementor-type=\"wp-page\" data-elementor-id=\"1811\" class=\"elementor elementor-1811\">\n\t\t\t\t\t\t<section class=\"elementor-section elementor-top-section elementor-element elementor-element-c3888cd elementor-section-boxed elementor-section-height-default elementor-section-height-default\" data-id=\"c3888cd\" data-element_type=\"section\" data-e-type=\"section\">\n\t\t\t\t\t\t<div class=\"elementor-container elementor-column-gap-default\">\n\t\t\t\t\t<div class=\"elementor-column elementor-col-100 elementor-top-column elementor-element elementor-element-68de77d\" data-id=\"68de77d\" data-element_type=\"column\" data-e-type=\"column\">\n\t\t\t<div class=\"elementor-widget-wrap elementor-element-populated\">\n\t\t\t\t\t\t<div class=\"elementor-element elementor-element-e781c29 elementor-widget elementor-widget-heading\" data-id=\"e781c29\" data-element_type=\"widget\" data-e-type=\"widget\" data-widget_type=\"heading.default\">\n\t\t\t\t<div class=\"elementor-widget-container\">\n\t\t\t\t\t<h1 class=\"elementor-heading-title elementor-size-default\">W\u0119ze\u0142 wymiany ruchu mi\u0119dzyoperatorskiego IX p2p<\/h1>\t\t\t\t<\/div>\n\t\t\t\t<\/div>\n\t\t\t\t\t<\/div>\n\t\t<\/div>\n\t\t\t\t\t<\/div>\n\t\t<\/section>\n\t\t\t\t<section class=\"elementor-section elementor-top-section elementor-element elementor-element-2ebc3f4 elementor-section-boxed elementor-section-height-default elementor-section-height-default\" data-id=\"2ebc3f4\" data-element_type=\"section\" data-e-type=\"section\">\n\t\t\t\t\t\t<div class=\"elementor-container elementor-column-gap-default\">\n\t\t\t\t\t<div class=\"elementor-column elementor-col-100 elementor-top-column elementor-element elementor-element-a1ae2cd\" data-id=\"a1ae2cd\" data-element_type=\"column\" data-e-type=\"column\">\n\t\t\t<div class=\"elementor-widget-wrap elementor-element-populated\">\n\t\t\t\t\t\t<div class=\"elementor-element elementor-element-2f90e54 elementor-widget elementor-widget-text-editor\" data-id=\"2f90e54\" data-element_type=\"widget\" data-e-type=\"widget\" data-widget_type=\"text-editor.default\">\n\t\t\t\t<div class=\"elementor-widget-container\">\n\t\t\t\t\t\t\t\t\t<p>W ramach us\u0142ugi IX p2p oferujemy dost\u0119p do najwi\u0119kszego w Polsce i jednego z najwi\u0119kszych na \u015bwiecie w\u0119z\u0142a wymiany ruchu EPIX.Katowice. Do tego w\u0119z\u0142a pod\u0142\u0105czonych jest obecnie ponad 800 uczestnik\u00f3w: operator\u00f3w internetowych (np. MMJ, Telekomunikacja Podlasie)\u00a0 i dostawc\u00f3w tre\u015bci internetowych (np. Google, Onet). Dzi\u0119ki aktywnej us\u0142udze \u0142\u0105czno\u015b\u0107 z innymi uczestnikami tego w\u0119z\u0142a odbywa si\u0119 z mo\u017cliwie najwy\u017csz\u0105 pr\u0119dko\u015bci\u0105 i najkr\u00f3tsz\u0105, niemal bezpo\u015bredni\u0105 tras\u0105, zapewniaj\u0105c najwy\u017csz\u0105 jako\u015b\u0107 po\u0142\u0105cze\u0144.<\/p><p>Aktualna lista uczestnik\u00f3w:<\/p><p><a class=\"moz-txt-link-freetext\" href=\"https:\/\/www.epix.net.pl\/o-epix\/uczestnicy\/\">https:\/\/www.epix.net.pl\/o-epix\/uczestnicy\/<\/a><\/p><p>Interaktywna mapa uczestnik\u00f3w:<\/p><p><a class=\"moz-txt-link-freetext\" href=\"https:\/\/www.epix.net.pl\/o-epix\/mapa-uczestnikow-epix-test\/\">https:\/\/www.epix.net.pl\/o-epix\/mapa-uczestnikow-epix-test\/<\/a><\/p>\t\t\t\t\t\t\t\t<\/div>\n\t\t\t\t<\/div>\n\t\t\t\t\t<\/div>\n\t\t<\/div>\n\t\t\t\t\t<\/div>\n\t\t<\/section>\n\t\t\t\t<section class=\"elementor-section elementor-top-section elementor-element elementor-element-92bb797 elementor-section-boxed elementor-section-height-default elementor-section-height-default\" data-id=\"92bb797\" data-element_type=\"section\" data-e-type=\"section\">\n\t\t\t\t\t\t<div class=\"elementor-container elementor-column-gap-default\">\n\t\t\t\t\t<div class=\"elementor-column elementor-col-100 elementor-top-column elementor-element elementor-element-448ec50\" data-id=\"448ec50\" data-element_type=\"column\" data-e-type=\"column\">\n\t\t\t<div class=\"elementor-widget-wrap elementor-element-populated\">\n\t\t\t\t\t\t<div class=\"elementor-element elementor-element-bdd7aed elementor-widget elementor-widget-text-editor\" data-id=\"bdd7aed\" data-element_type=\"widget\" data-e-type=\"widget\" data-widget_type=\"text-editor.default\">\n\t\t\t\t<div class=\"elementor-widget-container\">\n\t\t\t\t\t\t\t\t\t<p><b>Us\u0142uga dost\u0119pna:<\/b><\/p><p>&#8211; bezp\u0142atnie w ramach promocji.<\/p>\t\t\t\t\t\t\t\t<\/div>\n\t\t\t\t<\/div>\n\t\t\t\t\t<\/div>\n\t\t<\/div>\n\t\t\t\t\t<\/div>\n\t\t<\/section>\n\t\t\t\t<\/div>\n\t\t","protected":false},"excerpt":{"rendered":"<p>W\u0119ze\u0142 wymiany ruchu mi\u0119dzyoperatorskiego IX p2p W ramach us\u0142ugi IX p2p oferujemy dost\u0119p do najwi\u0119kszego w Polsce i jednego z najwi\u0119kszych na \u015bwiecie w\u0119z\u0142a wymiany ruchu EPIX.Katowice. Do tego w\u0119z\u0142a pod\u0142\u0105czonych jest obecnie ponad 800 uczestnik\u00f3w: operator\u00f3w internetowych (np. MMJ, Telekomunikacja Podlasie)\u00a0 i dostawc\u00f3w tre\u015bci internetowych (np. Google, Onet). Dzi\u0119ki aktywnej us\u0142udze \u0142\u0105czno\u015b\u0107 z innymi [&hellip;]<\/p>\n","protected":false},"author":1,"featured_media":0,"parent":0,"menu_order":0,"comment_status":"closed","ping_status":"closed","template":"","meta":{"footnotes":""},"class_list":["post-1811","page","type-page","status-publish","hentry","entry"],"_links":{"self":[{"href":"https:\/\/mmj.pl\/index.php\/wp-json\/wp\/v2\/pages\/1811","targetHints":{"allow":["GET"]}}],"collection":[{"href":"https:\/\/mmj.pl\/index.php\/wp-json\/wp\/v2\/pages"}],"about":[{"href":"https:\/\/mmj.pl\/index.php\/wp-json\/wp\/v2\/types\/page"}],"author":[{"embeddable":true,"href":"https:\/\/mmj.pl\/index.php\/wp-json\/wp\/v2\/users\/1"}],"replies":[{"embeddable":true,"href":"https:\/\/mmj.pl\/index.php\/wp-json\/wp\/v2\/comments?post=1811"}],"version-history":[{"count":7,"href":"https:\/\/mmj.pl\/index.php\/wp-json\/wp\/v2\/pages\/1811\/revisions"}],"predecessor-version":[{"id":1847,"href":"https:\/\/mmj.pl\/index.php\/wp-json\/wp\/v2\/pages\/1811\/revisions\/1847"}],"wp:attachment":[{"href":"https:\/\/mmj.pl\/index.php\/wp-json\/wp\/v2\/media?parent=1811"}],"curies":[{"name":"wp","href":"https:\/\/api.w.org\/{rel}","templated":true}]}}