{"id":1791,"date":"2020-04-29T09:05:22","date_gmt":"2020-04-29T07:05:22","guid":{"rendered":"http:\/\/new.mmj.pl\/?page_id=1791"},"modified":"2020-04-29T09:47:21","modified_gmt":"2020-04-29T07:47:21","slug":"nocny-marek","status":"publish","type":"page","link":"https:\/\/mmj.pl\/index.php\/nocny-marek\/","title":{"rendered":"Nocny Marek"},"content":{"rendered":"\t\t<div data-elementor-type=\"wp-page\" data-elementor-id=\"1791\" class=\"elementor elementor-1791\">\n\t\t\t\t\t\t<section class=\"elementor-section elementor-top-section elementor-element elementor-element-fef0068 elementor-section-boxed elementor-section-height-default elementor-section-height-default\" data-id=\"fef0068\" data-element_type=\"section\" data-e-type=\"section\">\n\t\t\t\t\t\t<div class=\"elementor-container elementor-column-gap-default\">\n\t\t\t\t\t<div class=\"elementor-column elementor-col-100 elementor-top-column elementor-element elementor-element-586ec24\" data-id=\"586ec24\" data-element_type=\"column\" data-e-type=\"column\">\n\t\t\t<div class=\"elementor-widget-wrap elementor-element-populated\">\n\t\t\t\t\t\t<div class=\"elementor-element elementor-element-a5b3d80 elementor-widget elementor-widget-heading\" data-id=\"a5b3d80\" data-element_type=\"widget\" data-e-type=\"widget\" data-widget_type=\"heading.default\">\n\t\t\t\t<div class=\"elementor-widget-container\">\n\t\t\t\t\t<h1 class=\"elementor-heading-title elementor-size-default\">Nocny Marek<\/h1>\t\t\t\t<\/div>\n\t\t\t\t<\/div>\n\t\t\t\t\t<\/div>\n\t\t<\/div>\n\t\t\t\t\t<\/div>\n\t\t<\/section>\n\t\t\t\t<section class=\"elementor-section elementor-top-section elementor-element elementor-element-cadd126 elementor-section-boxed elementor-section-height-default elementor-section-height-default\" data-id=\"cadd126\" data-element_type=\"section\" data-e-type=\"section\">\n\t\t\t\t\t\t<div class=\"elementor-container elementor-column-gap-default\">\n\t\t\t\t\t<div class=\"elementor-column elementor-col-100 elementor-top-column elementor-element elementor-element-b3cfddb\" data-id=\"b3cfddb\" data-element_type=\"column\" data-e-type=\"column\">\n\t\t\t<div class=\"elementor-widget-wrap elementor-element-populated\">\n\t\t\t\t\t\t<div class=\"elementor-element elementor-element-1a98c2c elementor-widget elementor-widget-heading\" data-id=\"1a98c2c\" data-element_type=\"widget\" data-e-type=\"widget\" data-widget_type=\"heading.default\">\n\t\t\t\t<div class=\"elementor-widget-container\">\n\t\t\t\t\t<h3 class=\"elementor-heading-title elementor-size-default\">\u015aci\u0105gasz z Internetu cz\u0119sto i du\u017co? Nie tra\u0107 czasu w dzie\u0144! Teraz zrobisz to szybciej - w nocy!<\/h3>\t\t\t\t<\/div>\n\t\t\t\t<\/div>\n\t\t\t\t\t<\/div>\n\t\t<\/div>\n\t\t\t\t\t<\/div>\n\t\t<\/section>\n\t\t\t\t<section class=\"elementor-section elementor-top-section elementor-element elementor-element-f6b536b elementor-section-boxed elementor-section-height-default elementor-section-height-default\" data-id=\"f6b536b\" data-element_type=\"section\" data-e-type=\"section\">\n\t\t\t\t\t\t<div class=\"elementor-container elementor-column-gap-default\">\n\t\t\t\t\t<div class=\"elementor-column elementor-col-100 elementor-top-column elementor-element elementor-element-b536fcb\" data-id=\"b536fcb\" data-element_type=\"column\" data-e-type=\"column\">\n\t\t\t<div class=\"elementor-widget-wrap elementor-element-populated\">\n\t\t\t\t\t\t<div class=\"elementor-element elementor-element-97c10fa elementor-widget elementor-widget-text-editor\" data-id=\"97c10fa\" data-element_type=\"widget\" data-e-type=\"widget\" data-widget_type=\"text-editor.default\">\n\t\t\t\t<div class=\"elementor-widget-container\">\n\t\t\t\t\t\t\t\t\t<p>Dzi\u0119ki tej us\u0142udze zaoszcz\u0119dzisz mn\u00f3stwo cennego czasu. Wystarczy, \u017ce odpowiednio ustawisz program, kt\u00f3rego u\u017cywasz do pobierania plik\u00f3w, zostawiasz w\u0142\u0105czony komputer&#8230; i idziesz spa\u0107! Rano, gdy si\u0119 obudzisz b\u0119d\u0105 ju\u017c czeka\u0107 Twoje ulubione filmy, muzyka i inne pliki multimedialne.<\/p>\t\t\t\t\t\t\t\t<\/div>\n\t\t\t\t<\/div>\n\t\t\t\t\t<\/div>\n\t\t<\/div>\n\t\t\t\t\t<\/div>\n\t\t<\/section>\n\t\t\t\t<section class=\"elementor-section elementor-top-section elementor-element elementor-element-c480644 elementor-section-boxed elementor-section-height-default elementor-section-height-default\" data-id=\"c480644\" data-element_type=\"section\" data-e-type=\"section\">\n\t\t\t\t\t\t<div class=\"elementor-container elementor-column-gap-default\">\n\t\t\t\t\t<div class=\"elementor-column elementor-col-100 elementor-top-column elementor-element elementor-element-5c35e4e\" data-id=\"5c35e4e\" data-element_type=\"column\" data-e-type=\"column\">\n\t\t\t<div class=\"elementor-widget-wrap elementor-element-populated\">\n\t\t\t\t\t\t<div class=\"elementor-element elementor-element-b35e525 elementor-widget elementor-widget-text-editor\" data-id=\"b35e525\" data-element_type=\"widget\" data-e-type=\"widget\" data-widget_type=\"text-editor.default\">\n\t\t\t\t<div class=\"elementor-widget-container\">\n\t\t\t\t\t\t\t\t\t<p><b>Us\u0142uga dost\u0119pna:<\/b><\/p><p align=\"justify\">&#8211; w standardowej cenie 10z\u0142\/miesi\u0105c lub<br \/>&#8211; bezp\u0142atnie w ramach promocji.<\/p>\t\t\t\t\t\t\t\t<\/div>\n\t\t\t\t<\/div>\n\t\t\t\t\t<\/div>\n\t\t<\/div>\n\t\t\t\t\t<\/div>\n\t\t<\/section>\n\t\t\t\t<\/div>\n\t\t","protected":false},"excerpt":{"rendered":"<p>Nocny Marek \u015aci\u0105gasz z Internetu cz\u0119sto i du\u017co? Nie tra\u0107 czasu w dzie\u0144! Teraz zrobisz to szybciej &#8211; w nocy! Dzi\u0119ki tej us\u0142udze zaoszcz\u0119dzisz mn\u00f3stwo cennego czasu. Wystarczy, \u017ce odpowiednio ustawisz program, kt\u00f3rego u\u017cywasz do pobierania plik\u00f3w, zostawiasz w\u0142\u0105czony komputer&#8230; i idziesz spa\u0107! Rano, gdy si\u0119 obudzisz b\u0119d\u0105 ju\u017c czeka\u0107 Twoje ulubione filmy, muzyka i [&hellip;]<\/p>\n","protected":false},"author":1,"featured_media":0,"parent":0,"menu_order":0,"comment_status":"closed","ping_status":"closed","template":"","meta":{"footnotes":""},"class_list":["post-1791","page","type-page","status-publish","hentry","entry"],"_links":{"self":[{"href":"https:\/\/mmj.pl\/index.php\/wp-json\/wp\/v2\/pages\/1791","targetHints":{"allow":["GET"]}}],"collection":[{"href":"https:\/\/mmj.pl\/index.php\/wp-json\/wp\/v2\/pages"}],"about":[{"href":"https:\/\/mmj.pl\/index.php\/wp-json\/wp\/v2\/types\/page"}],"author":[{"embeddable":true,"href":"https:\/\/mmj.pl\/index.php\/wp-json\/wp\/v2\/users\/1"}],"replies":[{"embeddable":true,"href":"https:\/\/mmj.pl\/index.php\/wp-json\/wp\/v2\/comments?post=1791"}],"version-history":[{"count":6,"href":"https:\/\/mmj.pl\/index.php\/wp-json\/wp\/v2\/pages\/1791\/revisions"}],"predecessor-version":[{"id":1814,"href":"https:\/\/mmj.pl\/index.php\/wp-json\/wp\/v2\/pages\/1791\/revisions\/1814"}],"wp:attachment":[{"href":"https:\/\/mmj.pl\/index.php\/wp-json\/wp\/v2\/media?parent=1791"}],"curies":[{"name":"wp","href":"https:\/\/api.w.org\/{rel}","templated":true}]}}